{"id":1038,"date":"2022-07-18T17:27:45","date_gmt":"2022-07-18T20:27:45","guid":{"rendered":"https:\/\/vcnatrilha.com.br\/servicos\/?page_id=1038"},"modified":"2022-07-18T17:59:23","modified_gmt":"2022-07-18T20:59:23","slug":"comece-seu-podcast","status":"publish","type":"page","link":"https:\/\/vcnatrilha.com.br\/servicos\/comece-seu-podcast\/","title":{"rendered":"Comece seu Podcast"},"content":{"rendered":"\n<p>Esta pagina est\u00e1 em contru\u00e7\u00e3o<\/p>\n","protected":false},"excerpt":{"rendered":"<p>Esta pagina est\u00e1 em contru\u00e7\u00e3o<\/p>\n","protected":false},"author":1,"featured_media":0,"parent":0,"menu_order":0,"comment_status":"closed","ping_status":"closed","template":"","meta":{"footnotes":""},"class_list":["post-1038","page","type-page","status-publish","hentry"],"_links":{"self":[{"href":"https:\/\/vcnatrilha.com.br\/servicos\/wp-json\/wp\/v2\/pages\/1038","targetHints":{"allow":["GET"]}}],"collection":[{"href":"https:\/\/vcnatrilha.com.br\/servicos\/wp-json\/wp\/v2\/pages"}],"about":[{"href":"https:\/\/vcnatrilha.com.br\/servicos\/wp-json\/wp\/v2\/types\/page"}],"author":[{"embeddable":true,"href":"https:\/\/vcnatrilha.com.br\/servicos\/wp-json\/wp\/v2\/users\/1"}],"replies":[{"embeddable":true,"href":"https:\/\/vcnatrilha.com.br\/servicos\/wp-json\/wp\/v2\/comments?post=1038"}],"version-history":[{"count":2,"href":"https:\/\/vcnatrilha.com.br\/servicos\/wp-json\/wp\/v2\/pages\/1038\/revisions"}],"predecessor-version":[{"id":1058,"href":"https:\/\/vcnatrilha.com.br\/servicos\/wp-json\/wp\/v2\/pages\/1038\/revisions\/1058"}],"wp:attachment":[{"href":"https:\/\/vcnatrilha.com.br\/servicos\/wp-json\/wp\/v2\/media?parent=1038"}],"curies":[{"name":"wp","href":"https:\/\/api.w.org\/{rel}","templated":true}]}}